{"id":93,"date":"2026-02-19T13:17:05","date_gmt":"2026-02-19T12:17:05","guid":{"rendered":"https:\/\/jmc-caravanes.com\/?page_id=93"},"modified":"2026-02-24T12:57:55","modified_gmt":"2026-02-24T11:57:55","slug":"homologation","status":"publish","type":"page","link":"https:\/\/jmc-caravanes.com\/index.php\/homologation\/","title":{"rendered":"Homologation"},"content":{"rendered":"<div class=\"et_pb_section_0 et_pb_section et_section_regular et_flex_section\">\n<div class=\"et_pb_row_0 et_pb_row et_flex_row\">\n<div class=\"et_pb_column_0 et_pb_column et_flex_column et_pb_css_mix_blend_mode_passthrough et_flex_column_12_24 et_flex_column_12_24_tablet et_flex_column_24_24_phone et_flex_column_24_24_phoneWide et_flex_column_12_24_tabletWide\">\n<div class=\"et_pb_text_0 et_pb_text et_pb_bg_layout_light et_pb_module et_flex_module\"><div class=\"et_pb_text_inner\"><p><strong>L'homologation :<\/strong><\/p>\n<p><strong> Roulez en toute l\u00e9galit\u00e9 et s\u00e9curit\u00e9<\/strong><\/p>\n<p>L'achat d'une caravane en Angleterre peut s'av\u00e9rer \u00eatre un casse-t\u00eate administratif pour un particulier. Chez <strong>JMC CARAVANE<\/strong>, nous avons fait de l'homologation notre sp\u00e9cialit\u00e9 depuis 2012.<\/p>\n<p><strong>Nous transformons une caravane britannique en un v\u00e9hicule pr\u00eat pour les routes fran\u00e7aises.<\/strong><\/p>\n<p><strong>Un processus rigoureux en 4 \u00e9tapes :<\/strong><\/p>\n<ol>\n<li><strong>Le Certificat de Conformit\u00e9 (COC) :<\/strong> Nous r\u00e9cup\u00e9rons aupr\u00e8s des constructeurs (<strong>Swift, Sprite ou Elddis<\/strong>) les documents techniques indispensables.<\/li>\n<li><strong>Mise aux normes Europ\u00e9ennes :<\/strong> Nos techniciens \u00e0 Villeneuve-sur-Lot v\u00e9rifient et adaptent si n\u00e9cessaire les circuits de gaz et d'\u00e9lectricit\u00e9 pour r\u00e9pondre aux exigences de s\u00e9curit\u00e9 fran\u00e7aises (normes EN 1949).<\/li>\n<li><strong>Le passage \u00e0 la DREAL (si n\u00e9cessaire) :<\/strong> Pour les mod\u00e8les n'ayant pas de r\u00e9ception europ\u00e9enne compl\u00e8te, nous g\u00e9rons le dossier de R\u00e9ception \u00e0 Titre Isol\u00e9 (RTI) de A \u00e0 Z.<\/li>\n<li><strong>Immatriculation Finale :<\/strong> Vous repartez de notre parc avec votre carte grise fran\u00e7aise en main. Fini le stress des formulaires Cerfa et des justificatifs complexes !<\/li>\n<\/ol>\n<p><strong>Pourquoi passer par un professionnel du Lot-et-Garonne ?<\/strong><\/p>\n<p>Le march\u00e9 de l'occasion en Angleterre regorge de sp\u00e9cificit\u00e9s. En nous confiant votre projet, vous \u00e9vitez :<\/p>\n<ul>\n<li><strong>Les refus en pr\u00e9fecture<\/strong> pour dossier incomplet.<\/li>\n<li><strong>Les installations de gaz non conformes<\/strong> (dangereuses et refus\u00e9es au contr\u00f4le).<\/li>\n<li><strong>Les frais de transport impr\u00e9vus<\/strong> et les complications douani\u00e8res li\u00e9es au Brexit.<\/li>\n<\/ul>\n<\/div><\/div>\n<\/div>\n\n<div class=\"et_pb_column_1 et_pb_column et-last-child et_flex_column et_pb_css_mix_blend_mode_passthrough et_flex_column_12_24 et_flex_column_12_24_tablet et_flex_column_24_24_phone et_flex_column_24_24_phoneWide et_flex_column_12_24_tabletWide\">\n<div class=\"et_pb_text_1 et_pb_text et_pb_bg_layout_light et_pb_module et_flex_module\"><div class=\"et_pb_text_inner\"><p><strong>L'engagement :<\/strong><\/p>\n<p><strong>JMC CARAVANE :<\/strong> Toutes nos caravanes en stock \u00e0 Villeneuve-sur-Lot sont vendues <strong>d\u00e9j\u00e0 homologu\u00e9es<\/strong>. Le prix affich\u00e9 est le prix \"cl\u00e9s en main\".<\/p>\n<\/div><\/div>\n<\/div>\n<\/div>\n\n<div class=\"et_pb_row_1 et_pb_row et_flex_row\">\n<div class=\"et_pb_column_2 et_pb_column et-last-child et_flex_column et_pb_css_mix_blend_mode_passthrough et_flex_column_24_24 et_flex_column_24_24_tablet et_flex_column_24_24_phone et_flex_column_24_24_phoneWide et_flex_column_24_24_tabletWide\">\n<div class=\"et_pb_text_2 et_pb_text et_pb_bg_layout_light et_pb_module et_flex_module\"><div class=\"et_pb_text_inner\"><p>&nbsp;<\/p>\n<p>&nbsp;<\/p>\n<\/div><\/div>\n<\/div>\n<\/div>\n<\/div>","protected":false},"excerpt":{"rendered":"","protected":false},"author":1,"featured_media":0,"parent":0,"menu_order":0,"comment_status":"closed","ping_status":"closed","template":"","meta":{"footnotes":""},"class_list":["post-93","page","type-page","status-publish","hentry"],"_links":{"self":[{"href":"https:\/\/jmc-caravanes.com\/index.php\/wp-json\/wp\/v2\/pages\/93","targetHints":{"allow":["GET"]}}],"collection":[{"href":"https:\/\/jmc-caravanes.com\/index.php\/wp-json\/wp\/v2\/pages"}],"about":[{"href":"https:\/\/jmc-caravanes.com\/index.php\/wp-json\/wp\/v2\/types\/page"}],"author":[{"embeddable":true,"href":"https:\/\/jmc-caravanes.com\/index.php\/wp-json\/wp\/v2\/users\/1"}],"replies":[{"embeddable":true,"href":"https:\/\/jmc-caravanes.com\/index.php\/wp-json\/wp\/v2\/comments?post=93"}],"version-history":[{"count":3,"href":"https:\/\/jmc-caravanes.com\/index.php\/wp-json\/wp\/v2\/pages\/93\/revisions"}],"predecessor-version":[{"id":97,"href":"https:\/\/jmc-caravanes.com\/index.php\/wp-json\/wp\/v2\/pages\/93\/revisions\/97"}],"wp:attachment":[{"href":"https:\/\/jmc-caravanes.com\/index.php\/wp-json\/wp\/v2\/media?parent=93"}],"curies":[{"name":"wp","href":"https:\/\/api.w.org\/{rel}","templated":true}]}}